{"id":1225,"date":"2025-07-30T12:40:30","date_gmt":"2025-07-30T10:40:30","guid":{"rendered":"https:\/\/www.delmon-group.com\/home\/"},"modified":"2026-03-26T16:48:09","modified_gmt":"2026-03-26T15:48:09","slug":"home","status":"publish","type":"page","link":"https:\/\/www.delmon-group.com\/en\/","title":{"rendered":"Home"},"content":{"rendered":"\n\n<section \n    name=\"intro\" \n    id=\"intro\" \n    class=\"section homempad text-white bg-primary py-3 py-lg-5 bs-vQVh1 jarallax jarallax\"\n         data-jarallax data-video-src=\"mp4:https:\/\/www.delmon-group.com\/wp-content\/uploads\/2025\/10\/DG_video2_1.mp4\">   \n        \n            <div class=\"container\">\n    \n         \n\n<div class=\"row align-items-lg-center\">\n<div class=\"col-lg-6 offset-lg-0\">\n<h1 class=\"wp-block-heading has-text-align-right text-uppercase mb-4\" style=\"font-size:65px\">More<br\/>than<br\/>just<br\/>rubber<\/h1>\n<\/div>\n\n\n\n<div class=\"col-lg-4\">\n<p style=\"font-size:19px\">Expert in vibration control and sealing solutions.<\/p>\n\n\n\n<p style=\"font-size:19px\">Our mission: Absorb vibrations \u00b7 Ensure sealing \u00b7 Protect equipment in extreme environments<\/p>\n\n\n\n<p style=\"font-size:19px\">Aerospace \u00b7 Defense \u00b7 Automotive \u00b7 Other Industries.<\/p>\n\n\n\n<div class=\"wp-block-buttons btn-sm btn-outline-light is-layout-flex wp-block-buttons-is-layout-flex\">\n<div class=\"wp-block-button\"><a class=\"wp-block-button__link wp-element-button\" href=\"https:\/\/www.delmon-group.com\/en\/the-group\/group-history\/\">Our history<\/a><\/div>\n\n\n\n<div class=\"wp-block-button\"><a class=\"wp-block-button__link wp-element-button\" href=\"https:\/\/www.delmon-group.com\/en\/the-group\/our-expertise\/\">Our expertise<\/a><\/div>\n<\/div>\n<\/div>\n<\/div>\n\n\n\n            <\/div>\n    <\/section>\n\n<section \n    name=\"counters\" \n    id=\"counters\" \n    class=\"section counter-wrap my-5 bs-PBYzl\"\n        >   \n        \n            <div class=\"container\">\n    \n         \n\n<div class=\"row w-75 mx-auto\">\n<div class=\"col-lg-3 col-6\">\n<p>Since<\/p>\n\n\n\n<p class=\"count\">1966<\/p>\n<\/div>\n\n\n\n<div class=\"col-lg-3 col-6\">\n<p>Revenue (\u20acM)<\/p>\n\n\n\n<p class=\"count\">55<\/p>\n<\/div>\n\n\n\n<div class=\"col-lg-3 col-6\">\n<p>Countries<\/p>\n\n\n\n<p class=\"count\">4<\/p>\n<\/div>\n\n\n\n<div class=\"col-lg-3 col-6\">\n<p>Employees<\/p>\n\n\n\n<p class=\"count\">430<\/p>\n<\/div>\n<\/div>\n\n\n\n            <\/div>\n    <\/section>\n\n<section \n    name=\"\" \n    id=\"section-block_1cacb83a27828654b304b3b95b5fabdf\" \n    class=\"section text-white bg-secondary pb-3 pb-lg-5 bs-XHh9L\"\n        >   \n        \n            <div class=\"container\">\n    \n         \n\n<div class=\"row\">\n<div class=\"col-lg-6\">\n<figure class=\"wp-block-image size-large z-1 edge-0 position-relative\"><img decoding=\"async\" src=\"http:\/\/www.delmon-group.com\/wp-content\/uploads\/2025\/07\/img_entreprise-e1759919359229-1024x740.png\" alt=\"Delmon Group Headquarters\" class=\"wp-image-47\"\/><\/figure><\/div>\n\n\n\n<div class=\"col-lg-6 align-self-lg-center pt-3 pt-lg-5\">\n<p class=\"mb-5\">Based in Dordogne, Delmon Group specializes in the design and manufacture of elastomer solutions.<\/p>\n\n\n\n<div class=\"row align-items-lg-center\">\n<div class=\"col-lg-6\">\n<h3 class=\"wp-block-heading text-uppercase\">Our objectives<\/h3>\n\n\n\n<p>\u20ac100M in revenue<br\/>International presence.<\/p>\n<\/div>\n\n\n\n<div class=\"col-lg-6\">\n<h3 class=\"wp-block-heading text-uppercase\">Our vision<\/h3>\n\n\n\n<p>To ensure sustainable growth<br\/>for the group.<\/p>\n<\/div>\n\n\n\n<div class=\"col-lg-6\">\n<h3 class=\"wp-block-heading text-uppercase\">Our Mission<\/h3>\n\n\n\n<p>To serve customers better and faster<br\/>within its areas of expertise.<\/p>\n<\/div>\n\n\n\n<div class=\"col-lg-6\">\n<h3 class=\"wp-block-heading text-uppercase\">Our values<\/h3>\n\n\n\n<p>Agile, Committed, Responsible,<br\/>Together-Partner.<\/p>\n<\/div>\n<\/div>\n\n\n\n<div class=\"wp-block-buttons btn-sm btn-outline-light my-3 my-lg-5 is-layout-flex wp-block-buttons-is-layout-flex\">\n<div class=\"wp-block-button mb-3\"><a class=\"wp-block-button__link wp-element-button\" href=\"https:\/\/www.delmon-group.com\/en\/the-group\/group-history\/\">Discover our history<\/a><\/div>\n<\/div>\n<\/div>\n<\/div>\n\n\n\n            <\/div>\n    <\/section>\n\n<section \n    name=\"\" \n    id=\"section-block_43026505189b25beccac969cee7f5fe4\" \n    class=\"section overlap bg-secondary-lighten z-0 text-white py-3 py-lg-5 position-relative bs-Zmu3vo\"\n        >   \n        \n            <div class=\"container\">\n    \n         \n\n<div class=\"row\">\n<div class=\"col-lg-6 align-self-lg-center pe-5\">\n<h2 class=\"wp-block-heading text-uppercase\">Always <br\/>seeking talent<\/h2>\n\n\n\n<p>Come and discover the professions at Delmon Group through the testimonials of its employees! These stories will show you employee satisfaction and give you a brief insight into work life at Delmon Group. <\/p>\n\n\n\n<p>You can also watch several &#8220;Delmon Minute&#8221; video interviews on YouTube!<\/p>\n\n\n\n<ul class=\"wp-block-social-links has-icon-color is-style-logos-only is-layout-flex wp-block-social-links-is-layout-flex\"><li style=\"color:#ffffff;\" class=\"wp-social-link wp-social-link-youtube has-white-color wp-block-social-link\"><a href=\"https:\/\/www.youtube.com\/channel\/UCf3SmFoCRucgTus2EluOdTg\" class=\"wp-block-social-link-anchor\"><svg width=\"24\" height=\"24\" viewBox=\"0 0 24 24\" version=\"1.1\" xmlns=\"http:\/\/www.w3.org\/2000\/svg\" aria-hidden=\"true\" focusable=\"false\"><path d=\"M21.8,8.001c0,0-0.195-1.378-0.795-1.985c-0.76-0.797-1.613-0.801-2.004-0.847c-2.799-0.202-6.997-0.202-6.997-0.202 h-0.009c0,0-4.198,0-6.997,0.202C4.608,5.216,3.756,5.22,2.995,6.016C2.395,6.623,2.2,8.001,2.2,8.001S2,9.62,2,11.238v1.517 c0,1.618,0.2,3.237,0.2,3.237s0.195,1.378,0.795,1.985c0.761,0.797,1.76,0.771,2.205,0.855c1.6,0.153,6.8,0.201,6.8,0.201 s4.203-0.006,7.001-0.209c0.391-0.047,1.243-0.051,2.004-0.847c0.6-0.607,0.795-1.985,0.795-1.985s0.2-1.618,0.2-3.237v-1.517 C22,9.62,21.8,8.001,21.8,8.001z M9.935,14.594l-0.001-5.62l5.404,2.82L9.935,14.594z\"><\/path><\/svg><span class=\"wp-block-social-link-label screen-reader-text\">YouTube<\/span><\/a><\/li>\n\n<li style=\"color:#ffffff;\" class=\"wp-social-link wp-social-link-linkedin has-white-color wp-block-social-link\"><a href=\"https:\/\/www.linkedin.com\/company\/delmon-group\/\" class=\"wp-block-social-link-anchor\"><svg width=\"24\" height=\"24\" viewBox=\"0 0 24 24\" version=\"1.1\" xmlns=\"http:\/\/www.w3.org\/2000\/svg\" aria-hidden=\"true\" focusable=\"false\"><path d=\"M19.7,3H4.3C3.582,3,3,3.582,3,4.3v15.4C3,20.418,3.582,21,4.3,21h15.4c0.718,0,1.3-0.582,1.3-1.3V4.3 C21,3.582,20.418,3,19.7,3z M8.339,18.338H5.667v-8.59h2.672V18.338z M7.004,8.574c-0.857,0-1.549-0.694-1.549-1.548 c0-0.855,0.691-1.548,1.549-1.548c0.854,0,1.547,0.694,1.547,1.548C8.551,7.881,7.858,8.574,7.004,8.574z M18.339,18.338h-2.669 v-4.177c0-0.996-0.017-2.278-1.387-2.278c-1.389,0-1.601,1.086-1.601,2.206v4.249h-2.667v-8.59h2.559v1.174h0.037 c0.356-0.675,1.227-1.387,2.526-1.387c2.703,0,3.203,1.779,3.203,4.092V18.338z\"><\/path><\/svg><span class=\"wp-block-social-link-label screen-reader-text\">LinkedIn<\/span><\/a><\/li><\/ul>\n\n\n\n<div class=\"wp-block-buttons my-3 mt-lg-5 btn-sm is-layout-flex wp-block-buttons-is-layout-flex\">\n<div class=\"wp-block-button btn-outline-light\"><a class=\"wp-block-button__link wp-element-button\" href=\"https:\/\/www.delmon-group.com\/en\/careers\/why-join-delmon-group\/\">Join us<\/a><\/div>\n<\/div>\n<\/div>\n\n\n\n<div class=\"col-lg-6 align-self-lg-center\">\n<div class=\"wp-block-group\"><div class=\"wp-block-group__inner-container is-layout-constrained wp-block-group-is-layout-constrained\">\n<figure class=\"wp-block-image size-full\"><img loading=\"lazy\" decoding=\"async\" width=\"880\" height=\"750\" src=\"https:\/\/www.delmon-group.com\/wp-content\/uploads\/2026\/03\/equipe2.webp\" alt=\"\" class=\"wp-image-1352\" srcset=\"https:\/\/www.delmon-group.com\/wp-content\/uploads\/2026\/03\/equipe2.webp 880w, https:\/\/www.delmon-group.com\/wp-content\/uploads\/2026\/03\/equipe2-300x256.webp 300w, https:\/\/www.delmon-group.com\/wp-content\/uploads\/2026\/03\/equipe2-768x655.webp 768w\" sizes=\"auto, (max-width: 880px) 100vw, 880px\" \/><\/figure><\/div><\/div>\n\n\n\n<div class=\"wp-block-buttons btn-outline-light btn-sm pb-5 d-none is-layout-flex wp-block-buttons-is-layout-flex\">\n<div class=\"wp-block-button\"><a class=\"wp-block-button__link wp-element-button\">Discover their testimonials<\/a><\/div>\n<\/div>\n<\/div>\n<\/div>\n\n\n\n            <\/div>\n    <\/section>\n\n<section \n    name=\"solutions\" \n    id=\"solutions\" \n    class=\"section bs-1CopXK fullwidth\"\n        >   \n        \n    \n         \n\n<div class=\"row text-white\">\n<div class=\"bg-gradient-1 col-lg-4 p-3 p-lg-5\">\n<figure class=\"wp-block-image size-large text-center\"><img loading=\"lazy\" decoding=\"async\" width=\"380\" height=\"350\" src=\"http:\/\/www.delmon-group.com\/wp-content\/uploads\/2025\/08\/picto_ethancheite.svg\" alt=\"Sealing solutions\" class=\"wp-image-137\"\/><\/figure>\n\n\n<h2 class=\"wp-block-heading\"><a href=\"http:\/\/www.delmon-group.com\/nos-solutions-detancheite\/\">Our sealing solutions<\/a><\/h2>\n\n\n\n<p>Delmon Group designs and produces custom sealing solutions, meeting the requirements of major clients in the automotive, aerospace, defense, and industrial sectors.<\/p>\n\n\n\n<div class=\"wp-block-buttons btn-outline-light btn-sm is-layout-flex wp-block-buttons-is-layout-flex\">\n<div class=\"wp-block-button\"><a class=\"wp-block-button__link wp-element-button\" href=\"https:\/\/www.delmon-group.com\/en\/solution\/sealing\/\">Learn more<\/a><\/div>\n<\/div>\n<\/div>\n\n\n\n<div class=\"bg-gradient-2 col-lg-4 p-3 p-lg-5\">\n<figure class=\"wp-block-image size-large text-center\"><a href=\"https:\/\/www.delmon-group.com\/en\/solution\/vibration-control\/\"><img loading=\"lazy\" decoding=\"async\" width=\"380\" height=\"350\" src=\"http:\/\/www.delmon-group.com\/wp-content\/uploads\/2025\/08\/picto_antivibratoires.svg\" alt=\"\" class=\"wp-image-136\"\/><\/a><\/figure>\n\n\n<h2 class=\"wp-block-heading\"><a href=\"https:\/\/www.delmon-group.com\/en\/solution\/vibration-control\/\">Our anti-vibration solutions<\/a><\/h2>\n\n\n\n<p>Recognized for its excellence in anti-vibration solutions, Delmon Group provides technologies combining safety and performance to major players in the automotive, aerospace, defense, energy, and railway sectors. <\/p>\n\n\n\n<div class=\"wp-block-buttons btn-outline-light btn-sm is-layout-flex wp-block-buttons-is-layout-flex\">\n<div class=\"wp-block-button\"><a class=\"wp-block-button__link wp-element-button\" href=\"https:\/\/www.delmon-group.com\/en\/solution\/vibration-control\/\">Learn more<\/a><\/div>\n<\/div>\n<\/div>\n\n\n\n<div class=\"bg-gradient-3 col-lg-4 text-primary p-3 p-lg-5\">\n<figure class=\"wp-block-image size-full text-center\"><a href=\"https:\/\/www.delmon-group.com\/en\/solution\/machining\/\"><img loading=\"lazy\" decoding=\"async\" width=\"380\" height=\"350\" src=\"http:\/\/www.delmon-group.com\/wp-content\/uploads\/2025\/10\/picto_usinage.svg\" alt=\"\" class=\"wp-image-301\"\/><\/a><\/figure>\n\n\n<h2 class=\"wp-block-heading text-primary\"><a href=\"https:\/\/www.delmon-group.com\/en\/solution\/machining\/\" type=\"solution\" id=\"6\">Our machining solutions<\/a><\/h2>\n\n\n\n<p>For over forty years, Delmon Group has applied its mechanical expertise to demanding industries. The in-house machining (turning, 5-axis milling, cylindrical grinding, etc.) allows for a complete, tailor-made solution.<\/p>\n\n\n\n<div class=\"wp-block-buttons btn-sm btn-outline-primary is-layout-flex wp-block-buttons-is-layout-flex\">\n<div class=\"wp-block-button\"><a class=\"wp-block-button__link wp-element-button\" href=\"https:\/\/www.delmon-group.com\/en\/solution\/machining\/\">Learn more<\/a><\/div>\n<\/div>\n<\/div>\n<\/div>\n\n\n\n    <\/section>\n\n<section \n    name=\"secteurs\" \n    id=\"secteurs\" \n    class=\"section bg-secondary py-3 py-lg-5 bs-1HJxoX fullwidth\"\n        >   \n        \n            <div class=\"container\">\n    \n         \n\n<h2 class=\"wp-block-heading text-white text-center\">Our sectors of activity<\/h2>\n\n\n\n<div class=\"row\">\n<div class=\"bg-secondary-lighten automobile col-lg-6 align-self-center text-center py-5\">\n<figure class=\"wp-block-image size-large is-resized\"><img loading=\"lazy\" decoding=\"async\" width=\"350\" height=\"240\" src=\"http:\/\/www.delmon-group.com\/wp-content\/uploads\/2025\/08\/illus_voiture.svg\" alt=\"Rubber for automotive\" class=\"wp-image-134\" style=\"width:225px\"\/><\/figure>\n\n\n<div class=\"wp-block-buttons btn-outline-light btn-sm my-5 is-content-justification-center is-layout-flex wp-container-core-buttons-is-layout-16018d1d wp-block-buttons-is-layout-flex\">\n<div class=\"wp-block-button\"><a class=\"wp-block-button__link wp-element-button\" href=\"https:\/\/www.delmon-group.com\/en\/sector\/industries\/\">Automotive<\/a><\/div>\n<\/div>\n<\/div>\n\n\n\n<div class=\"bg-secondary-lighten aeronautique col-lg-6 align-self-center text-center py-5\">\n<figure class=\"wp-block-image size-large is-resized\"><img loading=\"lazy\" decoding=\"async\" width=\"350\" height=\"100\" src=\"http:\/\/www.delmon-group.com\/wp-content\/uploads\/2025\/08\/illus_avion.svg\" alt=\"Rubber for the aerospace industry\" class=\"wp-image-128\" style=\"width:320px\"\/><\/figure>\n\n\n<div class=\"wp-block-buttons btn-outline-light btn-sm my-5 is-content-justification-center is-layout-flex wp-container-core-buttons-is-layout-16018d1d wp-block-buttons-is-layout-flex\">\n<div class=\"wp-block-button\"><a class=\"wp-block-button__link wp-element-button\" href=\"https:\/\/www.delmon-group.com\/en\/sector\/aerospace\/\">Aerospace<\/a><\/div>\n<\/div>\n<\/div>\n\n\n\n<div class=\"bg-secondary-lighten industrie col-lg-6 align-self-center text-center py-5\">\n<figure class=\"wp-block-image size-large is-resized\"><img loading=\"lazy\" decoding=\"async\" width=\"270\" height=\"340\" src=\"http:\/\/www.delmon-group.com\/wp-content\/uploads\/2025\/08\/illus_robot.svg\" alt=\"Rubber for industrial applications\" class=\"wp-image-132\" style=\"width:225px\"\/><\/figure>\n\n\n<div class=\"wp-block-buttons btn-outline-light btn-sm my-5 is-content-justification-center is-layout-flex wp-container-core-buttons-is-layout-16018d1d wp-block-buttons-is-layout-flex\">\n<div class=\"wp-block-button\"><a class=\"wp-block-button__link wp-element-button\" href=\"https:\/\/www.delmon-group.com\/en\/sector\/industries\/\">Industry<\/a><\/div>\n<\/div>\n<\/div>\n\n\n\n<div class=\"bg-secondary-lighten defense col-lg-6 align-self-center text-center py-5\">\n<figure class=\"wp-block-image size-large is-resized\"><img loading=\"lazy\" decoding=\"async\" width=\"958\" height=\"894\" src=\"https:\/\/www.delmon-group.com\/wp-content\/uploads\/2026\/03\/defense_02-3.svg\" alt=\"\" class=\"wp-image-1515\" style=\"width:290px\"\/><\/figure>\n\n\n<div class=\"wp-block-buttons btn-outline-light btn-sm my-5 is-content-justification-center is-layout-flex wp-container-core-buttons-is-layout-16018d1d wp-block-buttons-is-layout-flex\">\n<div class=\"wp-block-button\"><a class=\"wp-block-button__link wp-element-button\" href=\"https:\/\/www.delmon-group.com\/en\/defense\/\">Defense<\/a><\/div>\n<\/div>\n<\/div>\n<\/div>\n\n\n\n            <\/div>\n    <\/section>\n\n<section \n    name=\"blogposts\" \n    id=\"blogposts\" \n    class=\"section py-3 py-lg-5 bg-opacity-10 bg-dark text-primary bs-1MdREr\"\n        >   \n        \n            <div class=\"container\">\n    \n         \n\n<h2 class=\"wp-block-heading text-uppercase text-center mb-4 mb-lg-5\">Our news<\/h2>\n\n\n\n<div class=\"wp-block-query is-layout-flow wp-block-query-is-layout-flow\"><ul class=\"columns-3 wp-block-post-template is-layout-grid wp-container-core-post-template-is-layout-2fc57c17 wp-block-post-template-is-layout-grid\"><li class=\"wp-block-post post-1657 post type-post status-publish format-standard hentry category-non-classe\">\n\n<div class=\"wp-block-group bg-white h-100\" style=\"padding-top:30px;padding-right:30px;padding-bottom:30px;padding-left:30px\"><div class=\"wp-block-group__inner-container is-layout-flow wp-block-group-is-layout-flow\"><div class=\"wp-block-post-date\"><time datetime=\"2026-03-10T08:20:27+01:00\">10 March 2026<\/time><\/div>\n\n<div class=\"taxonomy-category wp-block-post-terms\"><a href=\"https:\/\/www.delmon-group.com\/en\/category\/non-classe\/\" rel=\"tag\">Non class\u00e9<\/a><\/div>\n\n<h3 class=\"wp-block-post-title\"><a href=\"https:\/\/www.delmon-group.com\/en\/delmon-group-accelerates-its-industrial-development-with-the-acquisition-of-hpk\/\" target=\"_self\" >Delmon Group accelerates its industrial development with the acquisition of HPK<\/a><\/h3><\/div><\/div>\n\n<\/li><li class=\"wp-block-post post-1659 post type-post status-publish format-standard hentry category-non-classe\">\n\n<div class=\"wp-block-group bg-white h-100\" style=\"padding-top:30px;padding-right:30px;padding-bottom:30px;padding-left:30px\"><div class=\"wp-block-group__inner-container is-layout-flow wp-block-group-is-layout-flow\"><div class=\"wp-block-post-date\"><time datetime=\"2026-03-02T12:40:30+01:00\">2 March 2026<\/time><\/div>\n\n<div class=\"taxonomy-category wp-block-post-terms\"><a href=\"https:\/\/www.delmon-group.com\/en\/category\/non-classe\/\" rel=\"tag\">Non class\u00e9<\/a><\/div>\n\n<h3 class=\"wp-block-post-title\"><a href=\"https:\/\/www.delmon-group.com\/en\/delmon-group-participates-in-open-factory-days\/\" target=\"_self\" >Delmon Group Participates in Open Factory Days<\/a><\/h3><\/div><\/div>\n\n<\/li><\/ul><\/div>\n\n\n\n<div class=\"wp-block-buttons btn-sm btn-outline-primary my-3 mt-lg-5 is-content-justification-center is-layout-flex wp-container-core-buttons-is-layout-16018d1d wp-block-buttons-is-layout-flex\">\n<div class=\"wp-block-button\"><a class=\"wp-block-button__link wp-element-button\" href=\"https:\/\/www.delmon-group.com\/en\/news\/\">See all our news<\/a><\/div>\n<\/div>\n\n\n\n            <\/div>\n    <\/section>","protected":false},"excerpt":{"rendered":"","protected":false},"author":1,"featured_media":0,"parent":0,"menu_order":13,"comment_status":"closed","ping_status":"open","template":"","meta":{"_acf_changed":false,"footnotes":""},"class_list":["post-1225","page","type-page","status-publish","hentry"],"acf":[],"yoast_head":"<!-- This site is optimized with the Yoast SEO plugin v27.3 - https:\/\/yoast.com\/product\/yoast-seo-wordpress\/ -->\n<title>Home - Delmon Group<\/title>\n<meta name=\"robots\" content=\"index, follow, max-snippet:-1, max-image-preview:large, max-video-preview:-1\" \/>\n<link rel=\"canonical\" href=\"https:\/\/www.delmon-group.com\/en\/\" \/>\n<meta property=\"og:locale\" content=\"en_US\" \/>\n<meta property=\"og:type\" content=\"article\" \/>\n<meta property=\"og:title\" content=\"Home - Delmon Group\" \/>\n<meta property=\"og:url\" content=\"https:\/\/www.delmon-group.com\/en\/\" \/>\n<meta property=\"og:site_name\" content=\"Delmon Group\" \/>\n<meta property=\"article:modified_time\" content=\"2026-03-26T15:48:09+00:00\" \/>\n<meta property=\"og:image\" content=\"https:\/\/www.delmon-group.com\/wp-content\/uploads\/2025\/07\/img_entreprise-e1759931055623.png\" \/>\n\t<meta property=\"og:image:width\" content=\"1070\" \/>\n\t<meta property=\"og:image:height\" content=\"794\" \/>\n\t<meta property=\"og:image:type\" content=\"image\/png\" \/>\n<meta name=\"twitter:card\" content=\"summary_large_image\" \/>\n<meta name=\"twitter:label1\" content=\"Est. reading time\" \/>\n\t<meta name=\"twitter:data1\" content=\"1 minute\" \/>\n<script type=\"application\/ld+json\" class=\"yoast-schema-graph\">{\"@context\":\"https:\\\/\\\/schema.org\",\"@graph\":[{\"@type\":\"WebPage\",\"@id\":\"https:\\\/\\\/www.delmon-group.com\\\/en\\\/\",\"url\":\"https:\\\/\\\/www.delmon-group.com\\\/en\\\/\",\"name\":\"Home - Delmon Group\",\"isPartOf\":{\"@id\":\"https:\\\/\\\/www.delmon-group.com\\\/en\\\/#website\"},\"primaryImageOfPage\":{\"@id\":\"https:\\\/\\\/www.delmon-group.com\\\/en\\\/#primaryimage\"},\"image\":{\"@id\":\"https:\\\/\\\/www.delmon-group.com\\\/en\\\/#primaryimage\"},\"thumbnailUrl\":\"http:\\\/\\\/www.delmon-group.com\\\/wp-content\\\/uploads\\\/2025\\\/07\\\/img_entreprise-e1759919359229-1024x740.png\",\"datePublished\":\"2025-07-30T10:40:30+00:00\",\"dateModified\":\"2026-03-26T15:48:09+00:00\",\"breadcrumb\":{\"@id\":\"https:\\\/\\\/www.delmon-group.com\\\/en\\\/#breadcrumb\"},\"inLanguage\":\"en-US\",\"potentialAction\":[{\"@type\":\"ReadAction\",\"target\":[\"https:\\\/\\\/www.delmon-group.com\\\/en\\\/\"]}]},{\"@type\":\"ImageObject\",\"inLanguage\":\"en-US\",\"@id\":\"https:\\\/\\\/www.delmon-group.com\\\/en\\\/#primaryimage\",\"url\":\"http:\\\/\\\/www.delmon-group.com\\\/wp-content\\\/uploads\\\/2025\\\/07\\\/img_entreprise-e1759919359229-1024x740.png\",\"contentUrl\":\"http:\\\/\\\/www.delmon-group.com\\\/wp-content\\\/uploads\\\/2025\\\/07\\\/img_entreprise-e1759919359229-1024x740.png\"},{\"@type\":\"BreadcrumbList\",\"@id\":\"https:\\\/\\\/www.delmon-group.com\\\/en\\\/#breadcrumb\",\"itemListElement\":[{\"@type\":\"ListItem\",\"position\":1,\"name\":\"Accueil\",\"item\":\"https:\\\/\\\/www.delmon-group.com\\\/en\\\/\"},{\"@type\":\"ListItem\",\"position\":2,\"name\":\"Home\"}]},{\"@type\":\"WebSite\",\"@id\":\"https:\\\/\\\/www.delmon-group.com\\\/en\\\/#website\",\"url\":\"https:\\\/\\\/www.delmon-group.com\\\/en\\\/\",\"name\":\"Delmon Group\",\"description\":\"Caoutchouc Syst\u00e8me \u00e9tanch\u00e9it\u00e9 Et Antivibration\",\"publisher\":{\"@id\":\"https:\\\/\\\/www.delmon-group.com\\\/en\\\/#organization\"},\"potentialAction\":[{\"@type\":\"SearchAction\",\"target\":{\"@type\":\"EntryPoint\",\"urlTemplate\":\"https:\\\/\\\/www.delmon-group.com\\\/en\\\/?s={search_term_string}\"},\"query-input\":{\"@type\":\"PropertyValueSpecification\",\"valueRequired\":true,\"valueName\":\"search_term_string\"}}],\"inLanguage\":\"en-US\"},{\"@type\":\"Organization\",\"@id\":\"https:\\\/\\\/www.delmon-group.com\\\/en\\\/#organization\",\"name\":\"Delmon Group\",\"url\":\"https:\\\/\\\/www.delmon-group.com\\\/en\\\/\",\"logo\":{\"@type\":\"ImageObject\",\"inLanguage\":\"en-US\",\"@id\":\"https:\\\/\\\/www.delmon-group.com\\\/en\\\/#\\\/schema\\\/logo\\\/image\\\/\",\"url\":\"https:\\\/\\\/www.delmon-group.com\\\/wp-content\\\/uploads\\\/2025\\\/07\\\/delmon_logo_blc.svg\",\"contentUrl\":\"https:\\\/\\\/www.delmon-group.com\\\/wp-content\\\/uploads\\\/2025\\\/07\\\/delmon_logo_blc.svg\",\"width\":500,\"height\":385,\"caption\":\"Delmon Group\"},\"image\":{\"@id\":\"https:\\\/\\\/www.delmon-group.com\\\/en\\\/#\\\/schema\\\/logo\\\/image\\\/\"},\"sameAs\":[\"https:\\\/\\\/www.linkedin.com\\\/company\\\/delmon-group\\\/\",\"https:\\\/\\\/www.youtube.com\\\/channel\\\/UCf3SmFoCRucgTus2EluOdTg\"]}]}<\/script>\n<!-- \/ Yoast SEO plugin. -->","yoast_head_json":{"title":"Home - Delmon Group","robots":{"index":"index","follow":"follow","max-snippet":"max-snippet:-1","max-image-preview":"max-image-preview:large","max-video-preview":"max-video-preview:-1"},"canonical":"https:\/\/www.delmon-group.com\/en\/","og_locale":"en_US","og_type":"article","og_title":"Home - Delmon Group","og_url":"https:\/\/www.delmon-group.com\/en\/","og_site_name":"Delmon Group","article_modified_time":"2026-03-26T15:48:09+00:00","og_image":[{"width":1070,"height":794,"url":"https:\/\/www.delmon-group.com\/wp-content\/uploads\/2025\/07\/img_entreprise-e1759931055623.png","type":"image\/png"}],"twitter_card":"summary_large_image","twitter_misc":{"Est. reading time":"1 minute"},"schema":{"@context":"https:\/\/schema.org","@graph":[{"@type":"WebPage","@id":"https:\/\/www.delmon-group.com\/en\/","url":"https:\/\/www.delmon-group.com\/en\/","name":"Home - Delmon Group","isPartOf":{"@id":"https:\/\/www.delmon-group.com\/en\/#website"},"primaryImageOfPage":{"@id":"https:\/\/www.delmon-group.com\/en\/#primaryimage"},"image":{"@id":"https:\/\/www.delmon-group.com\/en\/#primaryimage"},"thumbnailUrl":"http:\/\/www.delmon-group.com\/wp-content\/uploads\/2025\/07\/img_entreprise-e1759919359229-1024x740.png","datePublished":"2025-07-30T10:40:30+00:00","dateModified":"2026-03-26T15:48:09+00:00","breadcrumb":{"@id":"https:\/\/www.delmon-group.com\/en\/#breadcrumb"},"inLanguage":"en-US","potentialAction":[{"@type":"ReadAction","target":["https:\/\/www.delmon-group.com\/en\/"]}]},{"@type":"ImageObject","inLanguage":"en-US","@id":"https:\/\/www.delmon-group.com\/en\/#primaryimage","url":"http:\/\/www.delmon-group.com\/wp-content\/uploads\/2025\/07\/img_entreprise-e1759919359229-1024x740.png","contentUrl":"http:\/\/www.delmon-group.com\/wp-content\/uploads\/2025\/07\/img_entreprise-e1759919359229-1024x740.png"},{"@type":"BreadcrumbList","@id":"https:\/\/www.delmon-group.com\/en\/#breadcrumb","itemListElement":[{"@type":"ListItem","position":1,"name":"Accueil","item":"https:\/\/www.delmon-group.com\/en\/"},{"@type":"ListItem","position":2,"name":"Home"}]},{"@type":"WebSite","@id":"https:\/\/www.delmon-group.com\/en\/#website","url":"https:\/\/www.delmon-group.com\/en\/","name":"Delmon Group","description":"Caoutchouc Syst\u00e8me \u00e9tanch\u00e9it\u00e9 Et Antivibration","publisher":{"@id":"https:\/\/www.delmon-group.com\/en\/#organization"},"potentialAction":[{"@type":"SearchAction","target":{"@type":"EntryPoint","urlTemplate":"https:\/\/www.delmon-group.com\/en\/?s={search_term_string}"},"query-input":{"@type":"PropertyValueSpecification","valueRequired":true,"valueName":"search_term_string"}}],"inLanguage":"en-US"},{"@type":"Organization","@id":"https:\/\/www.delmon-group.com\/en\/#organization","name":"Delmon Group","url":"https:\/\/www.delmon-group.com\/en\/","logo":{"@type":"ImageObject","inLanguage":"en-US","@id":"https:\/\/www.delmon-group.com\/en\/#\/schema\/logo\/image\/","url":"https:\/\/www.delmon-group.com\/wp-content\/uploads\/2025\/07\/delmon_logo_blc.svg","contentUrl":"https:\/\/www.delmon-group.com\/wp-content\/uploads\/2025\/07\/delmon_logo_blc.svg","width":500,"height":385,"caption":"Delmon Group"},"image":{"@id":"https:\/\/www.delmon-group.com\/en\/#\/schema\/logo\/image\/"},"sameAs":["https:\/\/www.linkedin.com\/company\/delmon-group\/","https:\/\/www.youtube.com\/channel\/UCf3SmFoCRucgTus2EluOdTg"]}]}},"_links":{"self":[{"href":"https:\/\/www.delmon-group.com\/en\/wp-json\/wp\/v2\/pages\/1225","targetHints":{"allow":["GET"]}}],"collection":[{"href":"https:\/\/www.delmon-group.com\/en\/wp-json\/wp\/v2\/pages"}],"about":[{"href":"https:\/\/www.delmon-group.com\/en\/wp-json\/wp\/v2\/types\/page"}],"author":[{"embeddable":true,"href":"https:\/\/www.delmon-group.com\/en\/wp-json\/wp\/v2\/users\/1"}],"replies":[{"embeddable":true,"href":"https:\/\/www.delmon-group.com\/en\/wp-json\/wp\/v2\/comments?post=1225"}],"version-history":[{"count":17,"href":"https:\/\/www.delmon-group.com\/en\/wp-json\/wp\/v2\/pages\/1225\/revisions"}],"predecessor-version":[{"id":1847,"href":"https:\/\/www.delmon-group.com\/en\/wp-json\/wp\/v2\/pages\/1225\/revisions\/1847"}],"wp:attachment":[{"href":"https:\/\/www.delmon-group.com\/en\/wp-json\/wp\/v2\/media?parent=1225"}],"curies":[{"name":"wp","href":"https:\/\/api.w.org\/{rel}","templated":true}]}}