{"id":1636,"date":"2025-08-26T08:21:10","date_gmt":"2025-08-26T06:21:10","guid":{"rendered":"https:\/\/www.delmon-group.com\/the-group\/our-values\/"},"modified":"2026-03-26T10:26:07","modified_gmt":"2026-03-26T09:26:07","slug":"our-values","status":"publish","type":"page","link":"https:\/\/www.delmon-group.com\/en\/our-values\/","title":{"rendered":"Our values"},"content":{"rendered":"\n<p><\/p>\n\n\n<section \n    name=\"\" \n    id=\"section-block_bb7b4c17c7a0a6c91b58bf4ffb217625\" \n    class=\"section bg-secondary-lighten text-white bs-GGrNW fullwidth\"\n        >   \n        \n            <div class=\"container\">\n    \n         \n\n<div class=\"row align-items-lg-center\">\n<div class=\"col-lg-5\">\n<h1 class=\"wp-block-heading text-uppercase mt-4\">Our values<\/h1>\n\n\n\n<p><strong>Our values, at the heart of our employer brand<\/strong><br\/>Beyond our expertise and achievements, it is our values that define who we are and what we build together every day. They shape our corporate culture, guide our decisions, and nurture the experience we offer to our employees and partners alike.<\/p>\n\n\n\n<p><\/p>\n<\/div>\n\n\n\n<div class=\"col-lg-7\">\n<figure class=\"wp-block-image size-full clip-right edge-0-right clip-header\"><img loading=\"lazy\" decoding=\"async\" width=\"1280\" height=\"905\" src=\"https:\/\/www.delmon-group.com\/wp-content\/uploads\/2026\/01\/valeurs.webp\" alt=\"\" class=\"wp-image-983\" srcset=\"https:\/\/www.delmon-group.com\/wp-content\/uploads\/2026\/01\/valeurs.webp 1280w, https:\/\/www.delmon-group.com\/wp-content\/uploads\/2026\/01\/valeurs-300x212.webp 300w, https:\/\/www.delmon-group.com\/wp-content\/uploads\/2026\/01\/valeurs-1024x724.webp 1024w, https:\/\/www.delmon-group.com\/wp-content\/uploads\/2026\/01\/valeurs-768x543.webp 768w\" sizes=\"auto, (max-width: 1280px) 100vw, 1280px\" \/><\/figure><\/div>\n<\/div>\n\n\n\n            <\/div>\n    <\/section>\n\n<section \n    name=\"\" \n    id=\"section-block_6aec6e5e7ed9bffc14985cae2a648105\" \n    class=\"section text-white bg-secondary py-5 bs-1rBY66 fullwidth\"\n        >   \n        \n            <div class=\"container\">\n    \n         \n\n<div class=\"row align-items-lg-center justify-content-lg-center\">\n<div class=\"col-lg-10 align-self-lg-center\">\n<div class=\"row py-5\">\n<div class=\"col-lg-6 pe-5\"><div class=\"wp-block-image\">\n<figure class=\"alignright size-large bs-1z1fSB pe-5\"><img loading=\"lazy\" decoding=\"async\" width=\"400\" height=\"400\" src=\"https:\/\/www.delmon-group.com\/wp-content\/uploads\/2026\/01\/agilite2.svg\" alt=\"\" class=\"wp-image-899\"\/><\/figure><\/div><\/div>\n\n\n\n<div class=\"col-lg-6 align-self-lg-center py-5 py-lg-0\">\n<p class=\"fs-3\"><strong>Agility<\/strong> is one of our guiding principles. <\/p>\n\n\n\n<p>In a constantly evolving environment, we encourage adaptability, curiosity, and the ability to challenge oneself. Being agile means knowing how to evolve with the times, learning continuously, and transforming every change into an opportunity for progress. <br\/><\/p>\n\n\n\n<p>We value career paths, experiences, and initiatives that allow everyone to develop unique skills and gain confidence in any situation.<\/p>\n<\/div>\n<\/div>\n\n\n\n<div class=\"row py-5\">\n<div class=\"col-lg-6 align-self-lg-center py-5 py-lg-0\">\n<p class=\"has-text-align-right fs-3\"><strong>Commitment<\/strong> is at the heart of our DNA. <\/p>\n\n\n\n<p class=\"has-text-align-right\">We deeply believe in individual involvement in service of the collective. To be committed is to give meaning to one&#8217;s work, to contribute actively to common success, and to invest energy in colleagues and clients. <\/p>\n\n\n\n<p class=\"has-text-align-right\">We cultivate a team spirit based on trust, respect, and shared values, so that everyone can find their place and fully flourish.<\/p>\n<\/div>\n\n\n\n<div class=\"col-lg-6\">\n<figure class=\"wp-block-image size-large is-resized bs-Zi8ua3 ps-5\"><img loading=\"lazy\" decoding=\"async\" width=\"400\" height=\"400\" src=\"https:\/\/www.delmon-group.com\/wp-content\/uploads\/2026\/01\/engagement2.svg\" alt=\"\" class=\"wp-image-900\" style=\"width:254px;height:auto\"\/><\/figure><\/div>\n<\/div>\n\n\n\n<div class=\"row py-5\">\n<div class=\"col-lg-6\"><div class=\"wp-block-image\">\n<figure class=\"alignright size-large bs-1yVuX5 pe-5\"><img loading=\"lazy\" decoding=\"async\" width=\"400\" height=\"400\" src=\"https:\/\/www.delmon-group.com\/wp-content\/uploads\/2026\/01\/resp2.svg\" alt=\"\" class=\"wp-image-901\"\/><\/figure><\/div><\/div>\n\n\n\n<div class=\"col-lg-6 align-self-lg-center py-5 py-lg-0\">\n<p class=\"fs-3\"><strong>Responsibility<\/strong> is an essential value in our daily lives. <\/p>\n\n\n\n<p>It is reflected in our ability to analyze situations with lucidity, to make informed decisions, and to take ownership of our choices. We encourage autonomy and initiative-taking, while ensuring we act in a responsible, ethical, and sustainable manner. <\/p>\n\n\n\n<p>Everyone is a stakeholder in the quality of their work and contributes, at their level, to providing the best responses to the challenges encountered.<\/p>\n<\/div>\n<\/div>\n\n\n\n<div class=\"row py-5\">\n<div class=\"col-lg-6 align-self-lg-center py-5 py-lg-0\">\n<p class=\"has-text-align-right fs-3\">Finally, <strong>communication<\/strong> is a fundamental pillar of our culture. <\/p>\n\n\n\n<p class=\"has-text-align-right\">We promote an open, transparent, and constructive dialogue, convinced that it is indispensable for individual and collective progress. <\/p>\n\n\n\n<p class=\"has-text-align-right\">Listening, sharing ideas, and feedback are at the heart of our practices, as they allow us to grow together, innovate, and strengthen the bonds within the team.<\/p>\n<\/div>\n\n\n\n<div class=\"col-lg-6\">\n<figure class=\"wp-block-image size-large bs-Z6WUDp ps-5\"><img loading=\"lazy\" decoding=\"async\" width=\"400\" height=\"400\" src=\"https:\/\/www.delmon-group.com\/wp-content\/uploads\/2026\/01\/com2.svg\" alt=\"\" class=\"wp-image-902\"\/><\/figure><\/div>\n<\/div>\n\n\n\n<div class=\"row align-items-lg-center justify-content-lg-center pt-5\">\n<div class=\"col-lg-10 align-self-lg-center\">\n<p class=\"has-text-align-center fs-4\"><strong>By embodying these values daily, we build an authentic employer brand based on people, collaboration, and talent development. <\/strong><\/p>\n\n\n\n<p class=\"has-text-align-center fs-4\">Joining our company means integrating into an environment where everyone is encouraged to evolve, express themselves, and contribute actively to a meaningful collective adventure.<\/p>\n\n\n\n<div class=\"wp-block-buttons btn-sm btn-outline-light my-3 my-lg-5 is-content-justification-center is-layout-flex wp-container-core-buttons-is-layout-16018d1d wp-block-buttons-is-layout-flex\">\n<div class=\"wp-block-button mb-3\"><a class=\"wp-block-button__link wp-element-button\" href=\"\/job\/\">join us<\/a><\/div>\n<\/div>\n<\/div>\n<\/div>\n<\/div>\n<\/div>\n\n\n\n            <\/div>\n    <\/section>\n\n<section \n    name=\"\" \n    id=\"section-block_7c5cd527047891a926a393c0e9185f64\" \n    class=\"section bg-secondary bs-Z1rCM3D\"\n        >   \n        \n    \n         \n\n<p><\/p>\n\n\n\n    <\/section>","protected":false},"excerpt":{"rendered":"","protected":false},"author":1,"featured_media":0,"parent":0,"menu_order":9,"comment_status":"closed","ping_status":"closed","template":"","meta":{"_acf_changed":false,"footnotes":""},"class_list":["post-1636","page","type-page","status-publish","hentry"],"acf":[],"yoast_head":"<!-- This site is optimized with the Yoast SEO plugin v27.6 - https:\/\/yoast.com\/product\/yoast-seo-wordpress\/ -->\n<title>Our values - Delmon Group<\/title>\n<meta name=\"robots\" content=\"index, follow, max-snippet:-1, max-image-preview:large, max-video-preview:-1\" \/>\n<link rel=\"canonical\" href=\"https:\/\/www.delmon-group.com\/en\/our-values\/\" \/>\n<meta property=\"og:locale\" content=\"en_US\" \/>\n<meta property=\"og:type\" content=\"article\" \/>\n<meta property=\"og:title\" content=\"Our values - Delmon Group\" \/>\n<meta property=\"og:url\" content=\"https:\/\/www.delmon-group.com\/en\/our-values\/\" \/>\n<meta property=\"og:site_name\" content=\"Delmon Group\" \/>\n<meta property=\"article:modified_time\" content=\"2026-03-26T09:26:07+00:00\" \/>\n<meta property=\"og:image\" content=\"https:\/\/www.delmon-group.com\/wp-content\/uploads\/2026\/01\/valeurs.webp\" \/>\n\t<meta property=\"og:image:width\" content=\"1280\" \/>\n\t<meta property=\"og:image:height\" content=\"905\" \/>\n\t<meta property=\"og:image:type\" content=\"image\/webp\" \/>\n<meta name=\"twitter:card\" content=\"summary_large_image\" \/>\n<meta name=\"twitter:label1\" content=\"Est. reading time\" \/>\n\t<meta name=\"twitter:data1\" content=\"2 minutes\" \/>\n<script type=\"application\/ld+json\" class=\"yoast-schema-graph\">{\"@context\":\"https:\\\/\\\/schema.org\",\"@graph\":[{\"@type\":\"WebPage\",\"@id\":\"https:\\\/\\\/www.delmon-group.com\\\/en\\\/our-values\\\/\",\"url\":\"https:\\\/\\\/www.delmon-group.com\\\/en\\\/our-values\\\/\",\"name\":\"Our values - Delmon Group\",\"isPartOf\":{\"@id\":\"https:\\\/\\\/www.delmon-group.com\\\/en\\\/#website\"},\"primaryImageOfPage\":{\"@id\":\"https:\\\/\\\/www.delmon-group.com\\\/en\\\/our-values\\\/#primaryimage\"},\"image\":{\"@id\":\"https:\\\/\\\/www.delmon-group.com\\\/en\\\/our-values\\\/#primaryimage\"},\"thumbnailUrl\":\"https:\\\/\\\/www.delmon-group.com\\\/wp-content\\\/uploads\\\/2026\\\/01\\\/valeurs.webp\",\"datePublished\":\"2025-08-26T06:21:10+00:00\",\"dateModified\":\"2026-03-26T09:26:07+00:00\",\"breadcrumb\":{\"@id\":\"https:\\\/\\\/www.delmon-group.com\\\/en\\\/our-values\\\/#breadcrumb\"},\"inLanguage\":\"en-US\",\"potentialAction\":[{\"@type\":\"ReadAction\",\"target\":[\"https:\\\/\\\/www.delmon-group.com\\\/en\\\/our-values\\\/\"]}]},{\"@type\":\"ImageObject\",\"inLanguage\":\"en-US\",\"@id\":\"https:\\\/\\\/www.delmon-group.com\\\/en\\\/our-values\\\/#primaryimage\",\"url\":\"https:\\\/\\\/www.delmon-group.com\\\/wp-content\\\/uploads\\\/2026\\\/01\\\/valeurs.webp\",\"contentUrl\":\"https:\\\/\\\/www.delmon-group.com\\\/wp-content\\\/uploads\\\/2026\\\/01\\\/valeurs.webp\"},{\"@type\":\"BreadcrumbList\",\"@id\":\"https:\\\/\\\/www.delmon-group.com\\\/en\\\/our-values\\\/#breadcrumb\",\"itemListElement\":[{\"@type\":\"ListItem\",\"position\":1,\"name\":\"Accueil\",\"item\":\"https:\\\/\\\/www.delmon-group.com\\\/en\\\/\"},{\"@type\":\"ListItem\",\"position\":2,\"name\":\"Our values\"}]},{\"@type\":\"WebSite\",\"@id\":\"https:\\\/\\\/www.delmon-group.com\\\/en\\\/#website\",\"url\":\"https:\\\/\\\/www.delmon-group.com\\\/en\\\/\",\"name\":\"Delmon Group\",\"description\":\"Caoutchouc Syst\u00e8me \u00e9tanch\u00e9it\u00e9 Et Antivibration\",\"publisher\":{\"@id\":\"https:\\\/\\\/www.delmon-group.com\\\/en\\\/#organization\"},\"potentialAction\":[{\"@type\":\"SearchAction\",\"target\":{\"@type\":\"EntryPoint\",\"urlTemplate\":\"https:\\\/\\\/www.delmon-group.com\\\/en\\\/?s={search_term_string}\"},\"query-input\":{\"@type\":\"PropertyValueSpecification\",\"valueRequired\":true,\"valueName\":\"search_term_string\"}}],\"inLanguage\":\"en-US\"},{\"@type\":\"Organization\",\"@id\":\"https:\\\/\\\/www.delmon-group.com\\\/en\\\/#organization\",\"name\":\"Delmon Group\",\"url\":\"https:\\\/\\\/www.delmon-group.com\\\/en\\\/\",\"logo\":{\"@type\":\"ImageObject\",\"inLanguage\":\"en-US\",\"@id\":\"https:\\\/\\\/www.delmon-group.com\\\/en\\\/#\\\/schema\\\/logo\\\/image\\\/\",\"url\":\"https:\\\/\\\/www.delmon-group.com\\\/wp-content\\\/uploads\\\/2025\\\/07\\\/delmon_logo_blc.svg\",\"contentUrl\":\"https:\\\/\\\/www.delmon-group.com\\\/wp-content\\\/uploads\\\/2025\\\/07\\\/delmon_logo_blc.svg\",\"width\":500,\"height\":385,\"caption\":\"Delmon Group\"},\"image\":{\"@id\":\"https:\\\/\\\/www.delmon-group.com\\\/en\\\/#\\\/schema\\\/logo\\\/image\\\/\"},\"sameAs\":[\"https:\\\/\\\/www.linkedin.com\\\/company\\\/delmon-group\\\/\",\"https:\\\/\\\/www.youtube.com\\\/channel\\\/UCf3SmFoCRucgTus2EluOdTg\"]}]}<\/script>\n<!-- \/ Yoast SEO plugin. -->","yoast_head_json":{"title":"Our values - Delmon Group","robots":{"index":"index","follow":"follow","max-snippet":"max-snippet:-1","max-image-preview":"max-image-preview:large","max-video-preview":"max-video-preview:-1"},"canonical":"https:\/\/www.delmon-group.com\/en\/our-values\/","og_locale":"en_US","og_type":"article","og_title":"Our values - Delmon Group","og_url":"https:\/\/www.delmon-group.com\/en\/our-values\/","og_site_name":"Delmon Group","article_modified_time":"2026-03-26T09:26:07+00:00","og_image":[{"width":1280,"height":905,"url":"https:\/\/www.delmon-group.com\/wp-content\/uploads\/2026\/01\/valeurs.webp","type":"image\/webp"}],"twitter_card":"summary_large_image","twitter_misc":{"Est. reading time":"2 minutes"},"schema":{"@context":"https:\/\/schema.org","@graph":[{"@type":"WebPage","@id":"https:\/\/www.delmon-group.com\/en\/our-values\/","url":"https:\/\/www.delmon-group.com\/en\/our-values\/","name":"Our values - Delmon Group","isPartOf":{"@id":"https:\/\/www.delmon-group.com\/en\/#website"},"primaryImageOfPage":{"@id":"https:\/\/www.delmon-group.com\/en\/our-values\/#primaryimage"},"image":{"@id":"https:\/\/www.delmon-group.com\/en\/our-values\/#primaryimage"},"thumbnailUrl":"https:\/\/www.delmon-group.com\/wp-content\/uploads\/2026\/01\/valeurs.webp","datePublished":"2025-08-26T06:21:10+00:00","dateModified":"2026-03-26T09:26:07+00:00","breadcrumb":{"@id":"https:\/\/www.delmon-group.com\/en\/our-values\/#breadcrumb"},"inLanguage":"en-US","potentialAction":[{"@type":"ReadAction","target":["https:\/\/www.delmon-group.com\/en\/our-values\/"]}]},{"@type":"ImageObject","inLanguage":"en-US","@id":"https:\/\/www.delmon-group.com\/en\/our-values\/#primaryimage","url":"https:\/\/www.delmon-group.com\/wp-content\/uploads\/2026\/01\/valeurs.webp","contentUrl":"https:\/\/www.delmon-group.com\/wp-content\/uploads\/2026\/01\/valeurs.webp"},{"@type":"BreadcrumbList","@id":"https:\/\/www.delmon-group.com\/en\/our-values\/#breadcrumb","itemListElement":[{"@type":"ListItem","position":1,"name":"Accueil","item":"https:\/\/www.delmon-group.com\/en\/"},{"@type":"ListItem","position":2,"name":"Our values"}]},{"@type":"WebSite","@id":"https:\/\/www.delmon-group.com\/en\/#website","url":"https:\/\/www.delmon-group.com\/en\/","name":"Delmon Group","description":"Caoutchouc Syst\u00e8me \u00e9tanch\u00e9it\u00e9 Et Antivibration","publisher":{"@id":"https:\/\/www.delmon-group.com\/en\/#organization"},"potentialAction":[{"@type":"SearchAction","target":{"@type":"EntryPoint","urlTemplate":"https:\/\/www.delmon-group.com\/en\/?s={search_term_string}"},"query-input":{"@type":"PropertyValueSpecification","valueRequired":true,"valueName":"search_term_string"}}],"inLanguage":"en-US"},{"@type":"Organization","@id":"https:\/\/www.delmon-group.com\/en\/#organization","name":"Delmon Group","url":"https:\/\/www.delmon-group.com\/en\/","logo":{"@type":"ImageObject","inLanguage":"en-US","@id":"https:\/\/www.delmon-group.com\/en\/#\/schema\/logo\/image\/","url":"https:\/\/www.delmon-group.com\/wp-content\/uploads\/2025\/07\/delmon_logo_blc.svg","contentUrl":"https:\/\/www.delmon-group.com\/wp-content\/uploads\/2025\/07\/delmon_logo_blc.svg","width":500,"height":385,"caption":"Delmon Group"},"image":{"@id":"https:\/\/www.delmon-group.com\/en\/#\/schema\/logo\/image\/"},"sameAs":["https:\/\/www.linkedin.com\/company\/delmon-group\/","https:\/\/www.youtube.com\/channel\/UCf3SmFoCRucgTus2EluOdTg"]}]}},"_links":{"self":[{"href":"https:\/\/www.delmon-group.com\/en\/wp-json\/wp\/v2\/pages\/1636","targetHints":{"allow":["GET"]}}],"collection":[{"href":"https:\/\/www.delmon-group.com\/en\/wp-json\/wp\/v2\/pages"}],"about":[{"href":"https:\/\/www.delmon-group.com\/en\/wp-json\/wp\/v2\/types\/page"}],"author":[{"embeddable":true,"href":"https:\/\/www.delmon-group.com\/en\/wp-json\/wp\/v2\/users\/1"}],"replies":[{"embeddable":true,"href":"https:\/\/www.delmon-group.com\/en\/wp-json\/wp\/v2\/comments?post=1636"}],"version-history":[{"count":2,"href":"https:\/\/www.delmon-group.com\/en\/wp-json\/wp\/v2\/pages\/1636\/revisions"}],"predecessor-version":[{"id":1968,"href":"https:\/\/www.delmon-group.com\/en\/wp-json\/wp\/v2\/pages\/1636\/revisions\/1968"}],"wp:attachment":[{"href":"https:\/\/www.delmon-group.com\/en\/wp-json\/wp\/v2\/media?parent=1636"}],"curies":[{"name":"wp","href":"https:\/\/api.w.org\/{rel}","templated":true}]}}